{"id":456,"date":"2022-02-25T15:03:40","date_gmt":"2022-02-25T15:03:40","guid":{"rendered":"https:\/\/dpfotografie.de\/?page_id=456"},"modified":"2022-05-24T23:32:34","modified_gmt":"2022-05-24T23:32:34","slug":"categories","status":"publish","type":"page","link":"https:\/\/dpfotografie.de\/index.php\/categories\/","title":{"rendered":"services."},"content":{"rendered":"\t\t<div data-elementor-type=\"wp-page\" data-elementor-id=\"456\" class=\"elementor elementor-456\">\n\t\t\t\t\t\t<section class=\"elementor-section elementor-top-section elementor-element elementor-element-423b9be4 elementor-section-boxed elementor-section-height-default elementor-section-height-default\" data-id=\"423b9be4\" data-element_type=\"section\" data-e-type=\"section\">\n\t\t\t\t\t\t<div class=\"elementor-container elementor-column-gap-default\">\n\t\t\t\t\t<div class=\"elementor-column elementor-col-100 elementor-top-column elementor-element elementor-element-9ce6535\" data-id=\"9ce6535\" data-element_type=\"column\" data-e-type=\"column\">\n\t\t\t<div class=\"elementor-widget-wrap elementor-element-populated\">\n\t\t\t\t\t\t<div class=\"elementor-element elementor-element-57c5c65 elementor-widget elementor-widget-text-editor\" data-id=\"57c5c65\" data-element_type=\"widget\" data-e-type=\"widget\" data-widget_type=\"text-editor.default\">\n\t\t\t\t<div class=\"elementor-widget-container\">\n\t\t\t\t\t\t\t\t\t<p><\/p>\n<p><strong>keep it simple&#8230;<\/strong><\/p>\n<p>Gerne k\u00f6nnt Ihr mir eine pers\u00f6nliche Anfrage \u00fcber das Kontaktformular stellen.<br>Dort erfahre ich die ersten Informationen von Euch und welches&nbsp;<\/p>\n<p>Shooting Ihr machen m\u00f6chtet!<\/p><p><br><\/p><p>Neben den Shootingkategorien biete ich Euch zus\u00e4tzlich auch Services f\u00fcr<\/p><p>Safe the Date-&amp;Danksagungskarten, wie ach die Gestaltung f\u00fcr Fotob\u00fccher an.<\/p>\n<p>Nachdem Ich Eure Anfrage erhalten habe, baue ich den ersten Kontakt zu Euch auf.&nbsp;<\/p>\n<p>Ich m\u00f6chte mehr von Euch erfahren, Euch kennenlernen und Ihr mich doch auch \ud83d\ude09<\/p>\n<p>Im gleichen Zuge besprechen wir Eure W\u00fcnsche und oder Vorstellungen f\u00fcr das bevorstehende Shooting.<\/p>\n<p>Gerade bei Hochzeiten ist es wichtig, den Tag organisatorisch zu besprechen!<\/p><p><br><\/p><p>In folge dessen erstelle ich Euch ein passendes Angebot, welches auf Eure W\u00fcnsche und&nbsp;<\/p><p>Bed\u00fcrfnisse zugeschnitten ist!<\/p>\n<p><br><\/p><p>Ich freue mich \u00fcber Eure Anfrage um gemeinsam mit Euch eure Geschichte und eure Momente festzuhalten.<\/p>\n<p><br><\/p>\n<p><\/p>\t\t\t\t\t\t\t\t<\/div>\n\t\t\t\t<\/div>\n\t\t\t\t\t<\/div>\n\t\t<\/div>\n\t\t\t\t\t<\/div>\n\t\t<\/section>\n\t\t\t\t<\/div>\n\t\t","protected":false},"excerpt":{"rendered":"<p>keep it simple&#8230; Gerne k\u00f6nnt Ihr mir eine pers\u00f6nliche Anfrage \u00fcber das Kontaktformular stellen.Dort erfahre ich die ersten Informationen von Euch und welches&nbsp; Shooting Ihr machen m\u00f6chtet! Neben den Shootingkategorien<\/p>\n<p class=\"more-link\"><a href=\"https:\/\/dpfotografie.de\/index.php\/categories\/\" class=\"readmore\">Continue reading<svg class=\"icon icon-arrow-right\" aria-hidden=\"true\" role=\"img\"> <use href=\"#icon-arrow-right\" xlink:href=\"#icon-arrow-right\"><\/use> <\/svg><span class=\"screen-reader-text\">services.<\/span><\/a><\/p>\n","protected":false},"author":1,"featured_media":0,"parent":0,"menu_order":0,"comment_status":"closed","ping_status":"closed","template":"","meta":{"footnotes":""},"class_list":["post-456","page","type-page","status-publish","hentry"],"_links":{"self":[{"href":"https:\/\/dpfotografie.de\/index.php\/wp-json\/wp\/v2\/pages\/456","targetHints":{"allow":["GET"]}}],"collection":[{"href":"https:\/\/dpfotografie.de\/index.php\/wp-json\/wp\/v2\/pages"}],"about":[{"href":"https:\/\/dpfotografie.de\/index.php\/wp-json\/wp\/v2\/types\/page"}],"author":[{"embeddable":true,"href":"https:\/\/dpfotografie.de\/index.php\/wp-json\/wp\/v2\/users\/1"}],"replies":[{"embeddable":true,"href":"https:\/\/dpfotografie.de\/index.php\/wp-json\/wp\/v2\/comments?post=456"}],"version-history":[{"count":28,"href":"https:\/\/dpfotografie.de\/index.php\/wp-json\/wp\/v2\/pages\/456\/revisions"}],"predecessor-version":[{"id":499,"href":"https:\/\/dpfotografie.de\/index.php\/wp-json\/wp\/v2\/pages\/456\/revisions\/499"}],"wp:attachment":[{"href":"https:\/\/dpfotografie.de\/index.php\/wp-json\/wp\/v2\/media?parent=456"}],"curies":[{"name":"wp","href":"https:\/\/api.w.org\/{rel}","templated":true}]}}